{"id":1903,"date":"2017-04-05T18:56:07","date_gmt":"2017-04-05T15:56:07","guid":{"rendered":"http:\/\/cdn.gillion.shufflehound.com\/clean\/?page_id=674"},"modified":"2025-05-29T13:20:04","modified_gmt":"2025-05-29T11:20:04","slug":"accueil","status":"publish","type":"page","link":"https:\/\/kimonojiujitsu.fr\/blog\/","title":{"rendered":"Accueil"},"content":{"rendered":"\t\t<div data-elementor-type=\"wp-page\" data-elementor-id=\"1903\" class=\"elementor elementor-1903\" data-elementor-post-type=\"page\">\n\t\t\t\t\t\t<section class=\"elementor-section elementor-top-section elementor-element elementor-element-81c54c4 elementor-section-boxed elementor-section-height-default elementor-section-height-default\" data-id=\"81c54c4\" data-element_type=\"section\">\n\t\t\t\t\t\t<div class=\"elementor-container elementor-column-gap-default\">\n\t\t\t\t\t<div class=\"elementor-column elementor-col-100 elementor-top-column elementor-element elementor-element-cde21b1\" data-id=\"cde21b1\" data-element_type=\"column\">\n\t\t\t<div class=\"elementor-widget-wrap elementor-element-populated\">\n\t\t\t\t\t\t<div class=\"elementor-element elementor-element-da8492c elementor-widget elementor-widget-spacer\" data-id=\"da8492c\" data-element_type=\"widget\" data-widget_type=\"spacer.default\">\n\t\t\t\t<div class=\"elementor-widget-container\">\n\t\t\t\t\t\t\t<div class=\"elementor-spacer\">\n\t\t\t<div class=\"elementor-spacer-inner\"><\/div>\n\t\t<\/div>\n\t\t\t\t\t\t<\/div>\n\t\t\t\t<\/div>\n\t\t\t\t<div class=\"elementor-element elementor-element-c45343a elementor-widget elementor-widget-heading\" data-id=\"c45343a\" data-element_type=\"widget\" data-widget_type=\"heading.default\">\n\t\t\t\t<div class=\"elementor-widget-container\">\n\t\t\t\t\t<h2 class=\"elementor-heading-title elementor-size-default\">Blog Actualit\u00e9 du Jiu Jitsu Br\u00e9silien, Grappling, MMA et Sports de Combats<\/h2>\t\t\t\t<\/div>\n\t\t\t\t<\/div>\n\t\t\t\t<div class=\"elementor-element elementor-element-ca25cce elementor-widget elementor-widget-spacer\" data-id=\"ca25cce\" data-element_type=\"widget\" data-widget_type=\"spacer.default\">\n\t\t\t\t<div class=\"elementor-widget-container\">\n\t\t\t\t\t\t\t<div class=\"elementor-spacer\">\n\t\t\t<div class=\"elementor-spacer-inner\"><\/div>\n\t\t<\/div>\n\t\t\t\t\t\t<\/div>\n\t\t\t\t<\/div>\n\t\t\t\t<div class=\"elementor-element elementor-element-df8d3e7 elementor-widget elementor-widget-text-editor\" data-id=\"df8d3e7\" data-element_type=\"widget\" data-widget_type=\"text-editor.default\">\n\t\t\t\t<div class=\"elementor-widget-container\">\n\t\t\t\t\t\t\t\t\t<p data-start=\"150\" data-end=\"381\">Bienvenue sur <strong data-start=\"164\" data-end=\"256\">notre blog d\u2019actualit\u00e9 d\u00e9di\u00e9 au Jiu Jitsu Br\u00e9silien, Grappling, MMA et sports de combats<\/strong> ! Que tu sois un pratiquant passionn\u00e9, un curieux en qu\u00eate de d\u00e9couverte ou un f\u00e9ru d\u2019analyse tactique, t\u2019es au bon endroit.<\/p><p data-start=\"383\" data-end=\"782\">Ici, on partage <strong data-start=\"399\" data-end=\"438\">les derni\u00e8res actus du monde du JJB<\/strong>, les \u00e9v\u00e9nements \u00e0 ne pas rater, les r\u00e9sultats des comp\u00e9titions majeures, sans oublier des interviews exclusives d\u2019athl\u00e8tes, coachs et figures montantes de la sc\u00e8ne. Tu retrouveras aussi des d\u00e9cryptages techniques, des conseils d&#8217;entra\u00eenement, et un regard pointu sur l\u2019\u00e9volution du <strong data-start=\"739\" data-end=\"781\">MMA et des sports de combat en g\u00e9n\u00e9ral<\/strong>.<\/p><p data-start=\"784\" data-end=\"1023\">On parle de <strong data-start=\"796\" data-end=\"809\">grappling<\/strong>, de lutte, de judo, de striking\u2026 tout ce qui fait battre le c\u0153ur des passionn\u00e9s du tatami et de la cage. On n\u2019est pas l\u00e0 pour vendre du r\u00eave, mais pour partager une passion brute, authentique, sans langue de bois.<\/p><p data-start=\"1025\" data-end=\"1205\">Alors si t\u2019aimes <strong data-start=\"1042\" data-end=\"1093\">le combat, le respect, la sueur et la strat\u00e9gie<\/strong>, ce blog est fait pour toi. Reste connect\u00e9, commente, partage, et surtout : n\u2019arr\u00eate jamais d\u2019apprendre. Oss \ud83d\udc4a<\/p>\t\t\t\t\t\t\t\t<\/div>\n\t\t\t\t<\/div>\n\t\t\t\t<div class=\"elementor-element elementor-element-247dbcc elementor-widget elementor-widget-spacer\" data-id=\"247dbcc\" data-element_type=\"widget\" data-widget_type=\"spacer.default\">\n\t\t\t\t<div class=\"elementor-widget-container\">\n\t\t\t\t\t\t\t<div class=\"elementor-spacer\">\n\t\t\t<div class=\"elementor-spacer-inner\"><\/div>\n\t\t<\/div>\n\t\t\t\t\t\t<\/div>\n\t\t\t\t<\/div>\n\t\t\t\t\t<\/div>\n\t\t<\/div>\n\t\t\t\t\t<\/div>\n\t\t<\/section>\n\t\t\t\t<section class=\"elementor-section elementor-top-section elementor-element elementor-element-8735632 elementor-section-boxed elementor-section-height-default elementor-section-height-default\" data-id=\"8735632\" data-element_type=\"section\">\n\t\t\t\t\t\t<div class=\"elementor-container elementor-column-gap-default\">\n\t\t\t\t\t<div class=\"elementor-column elementor-col-100 elementor-top-column elementor-element elementor-element-795f10d\" data-id=\"795f10d\" data-element_type=\"column\">\n\t\t\t<div class=\"elementor-widget-wrap elementor-element-populated\">\n\t\t\t\t\t\t<div class=\"elementor-element elementor-element-b3a7916 elementor-widget elementor-widget-heading\" data-id=\"b3a7916\" data-element_type=\"widget\" data-widget_type=\"heading.default\">\n\t\t\t\t<div class=\"elementor-widget-container\">\n\t\t\t\t\t<h2 class=\"elementor-heading-title elementor-size-default\">\ud83d\udcf0 Les derniers articles<\/h2>\t\t\t\t<\/div>\n\t\t\t\t<\/div>\n\t\t\t\t<div class=\"elementor-element elementor-element-aeeca6f elementor-grid-3 elementor-grid-tablet-2 elementor-grid-mobile-1 elementor-posts--thumbnail-top elementor-widget elementor-widget-posts\" data-id=\"aeeca6f\" data-element_type=\"widget\" data-settings=\"{&quot;pagination_type&quot;:&quot;numbers&quot;,&quot;classic_columns&quot;:&quot;3&quot;,&quot;classic_columns_tablet&quot;:&quot;2&quot;,&quot;classic_columns_mobile&quot;:&quot;1&quot;,&quot;classic_row_gap&quot;:{&quot;unit&quot;:&quot;px&quot;,&quot;size&quot;:35,&quot;sizes&quot;:[]},&quot;classic_row_gap_tablet&quot;:{&quot;unit&quot;:&quot;px&quot;,&quot;size&quot;:&quot;&quot;,&quot;sizes&quot;:[]},&quot;classic_row_gap_mobile&quot;:{&quot;unit&quot;:&quot;px&quot;,&quot;size&quot;:&quot;&quot;,&quot;sizes&quot;:[]}}\" data-widget_type=\"posts.classic\">\n\t\t\t\t<div class=\"elementor-widget-container\">\n\t\t\t\t\t\t\t<div class=\"elementor-posts-container elementor-posts elementor-posts--skin-classic elementor-grid\">\n\t\t\t\t<article class=\"elementor-post elementor-grid-item post-5260 post type-post status-publish format-standard hentry category-boxe\">\n\t\t\t\t<div class=\"elementor-post__text\">\n\t\t\t\t<h2 class=\"elementor-post__title\">\n\t\t\t<a href=\"https:\/\/kimonojiujitsu.fr\/blog\/boxe-thailandaise-tout-savoir-sur-le-muay-thai\/\" >\n\t\t\t\tBoxe Tha\u00eflandaise : Tout savoir sur le Muay Thai\t\t\t<\/a>\n\t\t<\/h2>\n\t\t\n\t\t<a class=\"elementor-post__read-more\" href=\"https:\/\/kimonojiujitsu.fr\/blog\/boxe-thailandaise-tout-savoir-sur-le-muay-thai\/\" aria-label=\"Read more about Boxe Tha\u00eflandaise : Tout savoir sur le Muay Thai\" tabindex=\"-1\" >\n\t\t\tLire Plus \u00bb\t\t<\/a>\n\n\t\t\t\t<\/div>\n\t\t\t\t<\/article>\n\t\t\t\t<article class=\"elementor-post elementor-grid-item post-5253 post type-post status-publish format-standard hentry category-boxe\">\n\t\t\t\t<div class=\"elementor-post__text\">\n\t\t\t\t<h2 class=\"elementor-post__title\">\n\t\t\t<a href=\"https:\/\/kimonojiujitsu.fr\/blog\/regle-boxe-thai-tout-savoir-sur-les-regles-du-muay-thai\/\" >\n\t\t\t\tR\u00e8gle boxe thai : Tout savoir sur les r\u00e8gles du Muay Thai\t\t\t<\/a>\n\t\t<\/h2>\n\t\t\n\t\t<a class=\"elementor-post__read-more\" href=\"https:\/\/kimonojiujitsu.fr\/blog\/regle-boxe-thai-tout-savoir-sur-les-regles-du-muay-thai\/\" aria-label=\"Read more about R\u00e8gle boxe thai : Tout savoir sur les r\u00e8gles du Muay Thai\" tabindex=\"-1\" >\n\t\t\tLire Plus \u00bb\t\t<\/a>\n\n\t\t\t\t<\/div>\n\t\t\t\t<\/article>\n\t\t\t\t<article class=\"elementor-post elementor-grid-item post-5243 post type-post status-publish format-standard hentry category-boxe\">\n\t\t\t\t<div class=\"elementor-post__text\">\n\t\t\t\t<h2 class=\"elementor-post__title\">\n\t\t\t<a href=\"https:\/\/kimonojiujitsu.fr\/blog\/technique-boxe-thai-les-bases-a-maitriser-pour-progresser-vite\/\" >\n\t\t\t\tTechnique boxe thai\u00a0: Les bases \u00e0 ma\u00eetriser pour progresser vite\t\t\t<\/a>\n\t\t<\/h2>\n\t\t\n\t\t<a class=\"elementor-post__read-more\" href=\"https:\/\/kimonojiujitsu.fr\/blog\/technique-boxe-thai-les-bases-a-maitriser-pour-progresser-vite\/\" aria-label=\"Read more about Technique boxe thai\u00a0: Les bases \u00e0 ma\u00eetriser pour progresser vite\" tabindex=\"-1\" >\n\t\t\tLire Plus \u00bb\t\t<\/a>\n\n\t\t\t\t<\/div>\n\t\t\t\t<\/article>\n\t\t\t\t<article class=\"elementor-post elementor-grid-item post-5236 post type-post status-publish format-standard hentry category-boxe\">\n\t\t\t\t<div class=\"elementor-post__text\">\n\t\t\t\t<h2 class=\"elementor-post__title\">\n\t\t\t<a href=\"https:\/\/kimonojiujitsu.fr\/blog\/les-10-champions-du-monde-de-boxe-thai\/\" >\n\t\t\t\tLes 10 champions du monde de boxe thai\t\t\t<\/a>\n\t\t<\/h2>\n\t\t\n\t\t<a class=\"elementor-post__read-more\" href=\"https:\/\/kimonojiujitsu.fr\/blog\/les-10-champions-du-monde-de-boxe-thai\/\" aria-label=\"Read more about Les 10 champions du monde de boxe thai\" tabindex=\"-1\" >\n\t\t\tLire Plus \u00bb\t\t<\/a>\n\n\t\t\t\t<\/div>\n\t\t\t\t<\/article>\n\t\t\t\t<article class=\"elementor-post elementor-grid-item post-5230 post type-post status-publish format-standard hentry category-boxe\">\n\t\t\t\t<div class=\"elementor-post__text\">\n\t\t\t\t<h2 class=\"elementor-post__title\">\n\t\t\t<a href=\"https:\/\/kimonojiujitsu.fr\/blog\/boxeur-thailandais-lentrainement-qui-forge-les-champions\/\" >\n\t\t\t\tBoxeur tha\u00eflandais : l\u2019entra\u00eenement qui forge les champions\t\t\t<\/a>\n\t\t<\/h2>\n\t\t\n\t\t<a class=\"elementor-post__read-more\" href=\"https:\/\/kimonojiujitsu.fr\/blog\/boxeur-thailandais-lentrainement-qui-forge-les-champions\/\" aria-label=\"Read more about Boxeur tha\u00eflandais : l\u2019entra\u00eenement qui forge les champions\" tabindex=\"-1\" >\n\t\t\tLire Plus \u00bb\t\t<\/a>\n\n\t\t\t\t<\/div>\n\t\t\t\t<\/article>\n\t\t\t\t<article class=\"elementor-post elementor-grid-item post-5220 post type-post status-publish format-standard hentry category-boxe\">\n\t\t\t\t<div class=\"elementor-post__text\">\n\t\t\t\t<h2 class=\"elementor-post__title\">\n\t\t\t<a href=\"https:\/\/kimonojiujitsu.fr\/blog\/oscar-de-la-hoya-histoire-et-biographie\/\" >\n\t\t\t\tOscar De La Hoya : Histoire et Biographie\t\t\t<\/a>\n\t\t<\/h2>\n\t\t\n\t\t<a class=\"elementor-post__read-more\" href=\"https:\/\/kimonojiujitsu.fr\/blog\/oscar-de-la-hoya-histoire-et-biographie\/\" aria-label=\"Read more about Oscar De La Hoya : Histoire et Biographie\" tabindex=\"-1\" >\n\t\t\tLire Plus \u00bb\t\t<\/a>\n\n\t\t\t\t<\/div>\n\t\t\t\t<\/article>\n\t\t\t\t<\/div>\n\t\t\n\t\t\t\t<div class=\"e-load-more-anchor\" data-page=\"1\" data-max-page=\"27\" data-next-page=\"https:\/\/kimonojiujitsu.fr\/blog\/wp-json\/wp\/v2\/pages\/1903\/page\/2\/\"><\/div>\n\t\t\t\t<nav class=\"elementor-pagination\" aria-label=\"Pagination\">\n\t\t\t<span aria-current=\"page\" class=\"page-numbers current\"><span class=\"elementor-screen-only\">Page<\/span>1<\/span>\n<a class=\"page-numbers\" href=\"https:\/\/kimonojiujitsu.fr\/blog\/wp-json\/wp\/v2\/pages\/1903\/page\/2\/\"><span class=\"elementor-screen-only\">Page<\/span>2<\/a>\n<a class=\"page-numbers\" href=\"https:\/\/kimonojiujitsu.fr\/blog\/wp-json\/wp\/v2\/pages\/1903\/page\/3\/\"><span class=\"elementor-screen-only\">Page<\/span>3<\/a>\n<a class=\"page-numbers\" href=\"https:\/\/kimonojiujitsu.fr\/blog\/wp-json\/wp\/v2\/pages\/1903\/page\/4\/\"><span class=\"elementor-screen-only\">Page<\/span>4<\/a>\n<a class=\"page-numbers\" href=\"https:\/\/kimonojiujitsu.fr\/blog\/wp-json\/wp\/v2\/pages\/1903\/page\/5\/\"><span class=\"elementor-screen-only\">Page<\/span>5<\/a>\t\t<\/nav>\n\t\t\t\t\t\t<\/div>\n\t\t\t\t<\/div>\n\t\t\t\t\t<\/div>\n\t\t<\/div>\n\t\t\t\t\t<\/div>\n\t\t<\/section>\n\t\t\t\t<\/div>\n\t\t","protected":false},"excerpt":{"rendered":"<p>Blog Actualit\u00e9 du Jiu Jitsu Br\u00e9silien, Grappling, MMA et Sports de Combats Bienvenue sur notre blog d\u2019actualit\u00e9 d\u00e9di\u00e9 au Jiu<\/p>\n","protected":false},"author":2,"featured_media":0,"parent":0,"menu_order":0,"comment_status":"closed","ping_status":"closed","template":"","meta":{"footnotes":""},"class_list":["post-1903","page","type-page","status-publish","hentry"],"yoast_head":"<!-- This site is optimized with the Yoast SEO plugin v26.0 - https:\/\/yoast.com\/wordpress\/plugins\/seo\/ -->\n<title>Actualit\u00e9 du Jiu Jitsu Br\u00e9silien, Grappling &amp; MMA | UFW Actu<\/title>\n<meta name=\"description\" content=\"D\u00e9couvrez de nombreux articles sur le Jiu Jitsu Br\u00e9silien, Grappling, MMA et Luta Livre. Des interviews et reviews sur les produits, des conseils.\" \/>\n<meta name=\"robots\" content=\"index, follow, max-snippet:-1, max-image-preview:large, max-video-preview:-1\" \/>\n<link rel=\"canonical\" href=\"https:\/\/kimonojiujitsu.fr\/blog\/\" \/>\n<meta property=\"og:locale\" content=\"en_US\" \/>\n<meta property=\"og:type\" content=\"article\" \/>\n<meta property=\"og:title\" content=\"Actualit\u00e9 du Jiu Jitsu Br\u00e9silien, Grappling &amp; MMA | UFW Actu\" \/>\n<meta property=\"og:description\" content=\"D\u00e9couvrez de nombreux articles sur le Jiu Jitsu Br\u00e9silien, Grappling, MMA et Luta Livre. Des interviews et reviews sur les produits, des conseils.\" \/>\n<meta property=\"og:url\" content=\"https:\/\/kimonojiujitsu.fr\/blog\/\" \/>\n<meta property=\"og:site_name\" content=\"UFW Blog\" \/>\n<meta property=\"article:modified_time\" content=\"2025-05-29T11:20:04+00:00\" \/>\n<meta name=\"twitter:card\" content=\"summary_large_image\" \/>\n<meta name=\"twitter:label1\" content=\"Est. reading time\" \/>\n\t<meta name=\"twitter:data1\" content=\"1 minute\" \/>\n<script type=\"application\/ld+json\" class=\"yoast-schema-graph\">{\"@context\":\"https:\/\/schema.org\",\"@graph\":[{\"@type\":\"WebPage\",\"@id\":\"https:\/\/kimonojiujitsu.fr\/blog\/\",\"url\":\"https:\/\/kimonojiujitsu.fr\/blog\/\",\"name\":\"Actualit\u00e9 du Jiu Jitsu Br\u00e9silien, Grappling & MMA | UFW Actu\",\"isPartOf\":{\"@id\":\"https:\/\/kimonojiujitsu.fr\/blog\/#website\"},\"datePublished\":\"2017-04-05T15:56:07+00:00\",\"dateModified\":\"2025-05-29T11:20:04+00:00\",\"description\":\"D\u00e9couvrez de nombreux articles sur le Jiu Jitsu Br\u00e9silien, Grappling, MMA et Luta Livre. Des interviews et reviews sur les produits, des conseils.\",\"breadcrumb\":{\"@id\":\"https:\/\/kimonojiujitsu.fr\/blog\/#breadcrumb\"},\"inLanguage\":\"en-US\",\"potentialAction\":[{\"@type\":\"ReadAction\",\"target\":[\"https:\/\/kimonojiujitsu.fr\/blog\/\"]}]},{\"@type\":\"BreadcrumbList\",\"@id\":\"https:\/\/kimonojiujitsu.fr\/blog\/#breadcrumb\",\"itemListElement\":[{\"@type\":\"ListItem\",\"position\":1,\"name\":\"Accueil\",\"item\":\"https:\/\/kimonojiujitsu.fr\/blog\/\"},{\"@type\":\"ListItem\",\"position\":2,\"name\":\"Accueil\"}]},{\"@type\":\"WebSite\",\"@id\":\"https:\/\/kimonojiujitsu.fr\/blog\/#website\",\"url\":\"https:\/\/kimonojiujitsu.fr\/blog\/\",\"name\":\"UFW\",\"description\":\"Blog de Sports de Combats\",\"publisher\":{\"@id\":\"https:\/\/kimonojiujitsu.fr\/blog\/#organization\"},\"potentialAction\":[{\"@type\":\"SearchAction\",\"target\":{\"@type\":\"EntryPoint\",\"urlTemplate\":\"https:\/\/kimonojiujitsu.fr\/blog\/?s={search_term_string}\"},\"query-input\":{\"@type\":\"PropertyValueSpecification\",\"valueRequired\":true,\"valueName\":\"search_term_string\"}}],\"inLanguage\":\"en-US\"},{\"@type\":\"Organization\",\"@id\":\"https:\/\/kimonojiujitsu.fr\/blog\/#organization\",\"name\":\"UFW\",\"url\":\"https:\/\/kimonojiujitsu.fr\/blog\/\",\"logo\":{\"@type\":\"ImageObject\",\"inLanguage\":\"en-US\",\"@id\":\"https:\/\/kimonojiujitsu.fr\/blog\/#\/schema\/logo\/image\/\",\"url\":\"https:\/\/kimonojiujitsu.fr\/blog\/wp-content\/uploads\/2020\/08\/new-Logo-PNG-UFW.png\",\"contentUrl\":\"https:\/\/kimonojiujitsu.fr\/blog\/wp-content\/uploads\/2020\/08\/new-Logo-PNG-UFW.png\",\"width\":768,\"height\":256,\"caption\":\"UFW\"},\"image\":{\"@id\":\"https:\/\/kimonojiujitsu.fr\/blog\/#\/schema\/logo\/image\/\"}}]}<\/script>\n<!-- \/ Yoast SEO plugin. -->","yoast_head_json":{"title":"Actualit\u00e9 du Jiu Jitsu Br\u00e9silien, Grappling & MMA | UFW Actu","description":"D\u00e9couvrez de nombreux articles sur le Jiu Jitsu Br\u00e9silien, Grappling, MMA et Luta Livre. Des interviews et reviews sur les produits, des conseils.","robots":{"index":"index","follow":"follow","max-snippet":"max-snippet:-1","max-image-preview":"max-image-preview:large","max-video-preview":"max-video-preview:-1"},"canonical":"https:\/\/kimonojiujitsu.fr\/blog\/","og_locale":"en_US","og_type":"article","og_title":"Actualit\u00e9 du Jiu Jitsu Br\u00e9silien, Grappling & MMA | UFW Actu","og_description":"D\u00e9couvrez de nombreux articles sur le Jiu Jitsu Br\u00e9silien, Grappling, MMA et Luta Livre. Des interviews et reviews sur les produits, des conseils.","og_url":"https:\/\/kimonojiujitsu.fr\/blog\/","og_site_name":"UFW Blog","article_modified_time":"2025-05-29T11:20:04+00:00","twitter_card":"summary_large_image","twitter_misc":{"Est. reading time":"1 minute"},"schema":{"@context":"https:\/\/schema.org","@graph":[{"@type":"WebPage","@id":"https:\/\/kimonojiujitsu.fr\/blog\/","url":"https:\/\/kimonojiujitsu.fr\/blog\/","name":"Actualit\u00e9 du Jiu Jitsu Br\u00e9silien, Grappling & MMA | UFW Actu","isPartOf":{"@id":"https:\/\/kimonojiujitsu.fr\/blog\/#website"},"datePublished":"2017-04-05T15:56:07+00:00","dateModified":"2025-05-29T11:20:04+00:00","description":"D\u00e9couvrez de nombreux articles sur le Jiu Jitsu Br\u00e9silien, Grappling, MMA et Luta Livre. Des interviews et reviews sur les produits, des conseils.","breadcrumb":{"@id":"https:\/\/kimonojiujitsu.fr\/blog\/#breadcrumb"},"inLanguage":"en-US","potentialAction":[{"@type":"ReadAction","target":["https:\/\/kimonojiujitsu.fr\/blog\/"]}]},{"@type":"BreadcrumbList","@id":"https:\/\/kimonojiujitsu.fr\/blog\/#breadcrumb","itemListElement":[{"@type":"ListItem","position":1,"name":"Accueil","item":"https:\/\/kimonojiujitsu.fr\/blog\/"},{"@type":"ListItem","position":2,"name":"Accueil"}]},{"@type":"WebSite","@id":"https:\/\/kimonojiujitsu.fr\/blog\/#website","url":"https:\/\/kimonojiujitsu.fr\/blog\/","name":"UFW","description":"Blog de Sports de Combats","publisher":{"@id":"https:\/\/kimonojiujitsu.fr\/blog\/#organization"},"potentialAction":[{"@type":"SearchAction","target":{"@type":"EntryPoint","urlTemplate":"https:\/\/kimonojiujitsu.fr\/blog\/?s={search_term_string}"},"query-input":{"@type":"PropertyValueSpecification","valueRequired":true,"valueName":"search_term_string"}}],"inLanguage":"en-US"},{"@type":"Organization","@id":"https:\/\/kimonojiujitsu.fr\/blog\/#organization","name":"UFW","url":"https:\/\/kimonojiujitsu.fr\/blog\/","logo":{"@type":"ImageObject","inLanguage":"en-US","@id":"https:\/\/kimonojiujitsu.fr\/blog\/#\/schema\/logo\/image\/","url":"https:\/\/kimonojiujitsu.fr\/blog\/wp-content\/uploads\/2020\/08\/new-Logo-PNG-UFW.png","contentUrl":"https:\/\/kimonojiujitsu.fr\/blog\/wp-content\/uploads\/2020\/08\/new-Logo-PNG-UFW.png","width":768,"height":256,"caption":"UFW"},"image":{"@id":"https:\/\/kimonojiujitsu.fr\/blog\/#\/schema\/logo\/image\/"}}]}},"_links":{"self":[{"href":"https:\/\/kimonojiujitsu.fr\/blog\/wp-json\/wp\/v2\/pages\/1903","targetHints":{"allow":["GET"]}}],"collection":[{"href":"https:\/\/kimonojiujitsu.fr\/blog\/wp-json\/wp\/v2\/pages"}],"about":[{"href":"https:\/\/kimonojiujitsu.fr\/blog\/wp-json\/wp\/v2\/types\/page"}],"author":[{"embeddable":true,"href":"https:\/\/kimonojiujitsu.fr\/blog\/wp-json\/wp\/v2\/users\/2"}],"replies":[{"embeddable":true,"href":"https:\/\/kimonojiujitsu.fr\/blog\/wp-json\/wp\/v2\/comments?post=1903"}],"version-history":[{"count":3,"href":"https:\/\/kimonojiujitsu.fr\/blog\/wp-json\/wp\/v2\/pages\/1903\/revisions"}],"predecessor-version":[{"id":3211,"href":"https:\/\/kimonojiujitsu.fr\/blog\/wp-json\/wp\/v2\/pages\/1903\/revisions\/3211"}],"wp:attachment":[{"href":"https:\/\/kimonojiujitsu.fr\/blog\/wp-json\/wp\/v2\/media?parent=1903"}],"curies":[{"name":"wp","href":"https:\/\/api.w.org\/{rel}","templated":true}]}}